{"id":3059,"date":"2019-02-14T09:10:51","date_gmt":"2019-02-14T09:10:51","guid":{"rendered":"https:\/\/baocreciendo.com\/petrer-en-festes\/?page_id=3059"},"modified":"2026-04-20T06:12:01","modified_gmt":"2026-04-20T06:12:01","slug":"contacto-union-de-festejos","status":"publish","type":"page","link":"https:\/\/baocreciendo.com\/petrer-en-festes\/contacto-union-de-festejos\/","title":{"rendered":"Contacto Uni\u00f3n de Festejos"},"content":{"rendered":"\t\t<div data-elementor-type=\"wp-page\" data-elementor-id=\"3059\" class=\"elementor elementor-3059\" data-elementor-post-type=\"page\">\n\t\t\t\t<div class=\"elementor-element elementor-element-c7d8552 e-flex e-con-boxed e-con e-parent\" data-id=\"c7d8552\" data-element_type=\"container\" data-e-type=\"container\" data-settings=\"{&quot;background_background&quot;:&quot;classic&quot;}\">\n\t\t\t\t\t<div class=\"e-con-inner\">\n\t\t\t\t<div class=\"elementor-element elementor-element-ea7d748 elementor-widget__width-initial elementor-widget elementor-widget-text-editor\" data-id=\"ea7d748\" data-element_type=\"widget\" data-e-type=\"widget\" data-widget_type=\"text-editor.default\">\n\t\t\t\t<div class=\"elementor-widget-container\">\n\t\t\t\t\t\t\t\t\t<p>SAN BONIFACIO M\u00c1RTIR<\/p>\t\t\t\t\t\t\t\t<\/div>\n\t\t\t\t<\/div>\n\t\t\t\t<div class=\"elementor-element elementor-element-e94e001 eael-dual-header-content-align-left elementor-widget elementor-widget-eael-dual-color-header\" data-id=\"e94e001\" data-element_type=\"widget\" data-e-type=\"widget\" data-widget_type=\"eael-dual-color-header.default\">\n\t\t\t\t<div class=\"elementor-widget-container\">\n\t\t\t\t\t\t\t\t<div class=\"eael-dual-header\">\n\t\t\t\t<h1 class=\"title eael-dch-title\"><span class=\"eael-dch-title-text elementor-repeater-item-a5f6dc0\">Contacto <br><\/span> <span class=\"eael-dch-title-text elementor-repeater-item-40b0b41\">Uni\u00f3n de festejos San Bonifacio, M\u00e1rtir<\/span> <\/h1>\t\t\t<\/div>\n\n\t\t\t\t\t\t<\/div>\n\t\t\t\t<\/div>\n\t\t\t\t<div class=\"elementor-element elementor-element-d23825d elementor-widget-divider--view-line elementor-widget elementor-widget-divider\" data-id=\"d23825d\" data-element_type=\"widget\" data-e-type=\"widget\" data-widget_type=\"divider.default\">\n\t\t\t\t<div class=\"elementor-widget-container\">\n\t\t\t\t\t\t\t<div class=\"elementor-divider\">\n\t\t\t<span class=\"elementor-divider-separator\">\n\t\t\t\t\t\t<\/span>\n\t\t<\/div>\n\t\t\t\t\t\t<\/div>\n\t\t\t\t<\/div>\n\t\t<div class=\"elementor-element elementor-element-2331a30 e-con-full e-flex e-con e-child\" data-id=\"2331a30\" data-element_type=\"container\" data-e-type=\"container\">\n\t\t<div class=\"elementor-element elementor-element-751fba9 e-con-full e-flex e-con e-child\" data-id=\"751fba9\" data-element_type=\"container\" data-e-type=\"container\">\n\t\t\t\t<div class=\"elementor-element elementor-element-19e6246 elementor-icon-list--layout-traditional elementor-list-item-link-full_width elementor-widget elementor-widget-icon-list\" data-id=\"19e6246\" data-element_type=\"widget\" data-e-type=\"widget\" data-widget_type=\"icon-list.default\">\n\t\t\t\t<div class=\"elementor-widget-container\">\n\t\t\t\t\t\t\t<ul class=\"elementor-icon-list-items\">\n\t\t\t\t\t\t\t<li class=\"elementor-icon-list-item\">\n\t\t\t\t\t\t\t\t\t\t\t<span class=\"elementor-icon-list-icon\">\n\t\t\t\t\t\t\t<i aria-hidden=\"true\" class=\"fas fa-map-marker-alt\"><\/i>\t\t\t\t\t\t<\/span>\n\t\t\t\t\t\t\t\t\t\t<span class=\"elementor-icon-list-text\">C\/ Miguel Amat N\u00ba1. 03610, Petrer (Alicante)<\/span>\n\t\t\t\t\t\t\t\t\t<\/li>\n\t\t\t\t\t\t<\/ul>\n\t\t\t\t\t\t<\/div>\n\t\t\t\t<\/div>\n\t\t\t\t<div class=\"elementor-element elementor-element-15162ef elementor-button-align-start elementor-widget elementor-widget-form\" data-id=\"15162ef\" data-element_type=\"widget\" data-e-type=\"widget\" data-settings=\"{&quot;step_next_label&quot;:&quot;Siguiente&quot;,&quot;step_previous_label&quot;:&quot;Anterior&quot;,&quot;button_width&quot;:&quot;100&quot;,&quot;step_type&quot;:&quot;number_text&quot;,&quot;step_icon_shape&quot;:&quot;circle&quot;}\" data-widget_type=\"form.default\">\n\t\t\t\t<div class=\"elementor-widget-container\">\n\t\t\t\t\t\t\t<form class=\"elementor-form\" method=\"post\" name=\"Nuevo formulario\" aria-label=\"Nuevo formulario\">\n\t\t\t<input type=\"hidden\" name=\"post_id\" value=\"3059\"\/>\n\t\t\t<input type=\"hidden\" name=\"form_id\" value=\"15162ef\"\/>\n\t\t\t<input type=\"hidden\" name=\"referer_title\" value=\"Contacto Uni\u00f3n de Festejos - Uni\u00f3n de Festejos San Bonifacio M\u00e1rtir - Petrer en Festes\" \/>\n\n\t\t\t\t\t\t\t<input type=\"hidden\" name=\"queried_id\" value=\"3059\"\/>\n\t\t\t\n\t\t\t<div class=\"elementor-form-fields-wrapper elementor-labels-\">\n\t\t\t\t\t\t\t\t<div class=\"elementor-field-type-text elementor-field-group elementor-column elementor-field-group-name elementor-col-100 elementor-field-required\">\n\t\t\t\t\t\t\t\t\t\t\t\t<label for=\"form-field-name\" class=\"elementor-field-label elementor-screen-only\">\n\t\t\t\t\t\t\t\tNombre\t\t\t\t\t\t\t<\/label>\n\t\t\t\t\t\t\t\t\t\t\t\t\t\t<input size=\"1\" type=\"text\" name=\"form_fields[name]\" id=\"form-field-name\" class=\"elementor-field elementor-size-sm  elementor-field-textual\" placeholder=\"Nombre\" required=\"required\">\n\t\t\t\t\t\t\t\t\t\t\t<\/div>\n\t\t\t\t\t\t\t\t<div class=\"elementor-field-type-text elementor-field-group elementor-column elementor-field-group-field_248ae5c elementor-col-100 elementor-field-required\">\n\t\t\t\t\t\t\t\t\t\t\t\t<label for=\"form-field-field_248ae5c\" class=\"elementor-field-label elementor-screen-only\">\n\t\t\t\t\t\t\t\tApellidos\t\t\t\t\t\t\t<\/label>\n\t\t\t\t\t\t\t\t\t\t\t\t\t\t<input size=\"1\" type=\"text\" name=\"form_fields[field_248ae5c]\" id=\"form-field-field_248ae5c\" class=\"elementor-field elementor-size-sm  elementor-field-textual\" placeholder=\"Apellidos\" required=\"required\">\n\t\t\t\t\t\t\t\t\t\t\t<\/div>\n\t\t\t\t\t\t\t\t<div class=\"elementor-field-type-email elementor-field-group elementor-column elementor-field-group-email elementor-col-100 elementor-field-required\">\n\t\t\t\t\t\t\t\t\t\t\t\t<label for=\"form-field-email\" class=\"elementor-field-label elementor-screen-only\">\n\t\t\t\t\t\t\t\tCorreo electr\u00f3nico\t\t\t\t\t\t\t<\/label>\n\t\t\t\t\t\t\t\t\t\t\t\t\t\t<input size=\"1\" type=\"email\" name=\"form_fields[email]\" id=\"form-field-email\" class=\"elementor-field elementor-size-sm  elementor-field-textual\" placeholder=\"Correo electr\u00f3nico\" required=\"required\">\n\t\t\t\t\t\t\t\t\t\t\t<\/div>\n\t\t\t\t\t\t\t\t<div class=\"elementor-field-type-tel elementor-field-group elementor-column elementor-field-group-field_b47f31e elementor-col-100 elementor-field-required\">\n\t\t\t\t\t\t\t\t\t\t\t\t<label for=\"form-field-field_b47f31e\" class=\"elementor-field-label elementor-screen-only\">\n\t\t\t\t\t\t\t\tTel\u00e9fono\t\t\t\t\t\t\t<\/label>\n\t\t\t\t\t\t\t\t<input size=\"1\" type=\"tel\" name=\"form_fields[field_b47f31e]\" id=\"form-field-field_b47f31e\" class=\"elementor-field elementor-size-sm  elementor-field-textual\" placeholder=\"Tel\u00e9fono\" required=\"required\" pattern=\"[0-9()#&amp;+*-=.]+\" title=\"Solo se aceptan n\u00fameros y caracteres de tel\u00e9fono (#,-,*,etc).\">\n\n\t\t\t\t\t\t<\/div>\n\t\t\t\t\t\t\t\t<div class=\"elementor-field-type-textarea elementor-field-group elementor-column elementor-field-group-message elementor-col-100\">\n\t\t\t\t\t\t\t\t\t\t\t\t<label for=\"form-field-message\" class=\"elementor-field-label elementor-screen-only\">\n\t\t\t\t\t\t\t\tMensaje\t\t\t\t\t\t\t<\/label>\n\t\t\t\t\t\t<textarea class=\"elementor-field-textual elementor-field  elementor-size-sm\" name=\"form_fields[message]\" id=\"form-field-message\" rows=\"4\" placeholder=\"Mensaje\"><\/textarea>\t\t\t\t<\/div>\n\t\t\t\t\t\t\t\t<div class=\"elementor-field-group elementor-column elementor-field-type-submit elementor-col-100 e-form__buttons\">\n\t\t\t\t\t<button class=\"elementor-button elementor-size-sm\" type=\"submit\">\n\t\t\t\t\t\t<span class=\"elementor-button-content-wrapper\">\n\t\t\t\t\t\t\t\t\t\t\t\t\t\t\t\t\t\t\t\t\t\t<span class=\"elementor-button-text\">Enviar<\/span>\n\t\t\t\t\t\t\t\t\t\t\t\t\t<\/span>\n\t\t\t\t\t<\/button>\n\t\t\t\t<\/div>\n\t\t\t<\/div>\n\t\t<\/form>\n\t\t\t\t\t\t<\/div>\n\t\t\t\t<\/div>\n\t\t\t\t<\/div>\n\t\t<div class=\"elementor-element elementor-element-7307f85 e-con-full e-flex e-con e-child\" data-id=\"7307f85\" data-element_type=\"container\" data-e-type=\"container\">\n\t\t\t\t<div class=\"elementor-element elementor-element-80ea85b elementor-widget elementor-widget-google_maps\" data-id=\"80ea85b\" data-element_type=\"widget\" data-e-type=\"widget\" data-widget_type=\"google_maps.default\">\n\t\t\t\t<div class=\"elementor-widget-container\">\n\t\t\t\t\t\t\t<div class=\"elementor-custom-embed\">\n\t\t\t<iframe loading=\"lazy\"\n\t\t\t\t\tsrc=\"https:\/\/maps.google.com\/maps?q=union%20de%20festejos%20san%20bonifacio%20martir&#038;t=m&#038;z=16&#038;output=embed&#038;iwloc=near\"\n\t\t\t\t\ttitle=\"union de festejos san bonifacio martir\"\n\t\t\t\t\taria-label=\"union de festejos san bonifacio martir\"\n\t\t\t><\/iframe>\n\t\t<\/div>\n\t\t\t\t\t\t<\/div>\n\t\t\t\t<\/div>\n\t\t\t\t<\/div>\n\t\t\t\t<\/div>\n\t\t\t\t\t<\/div>\n\t\t\t\t<\/div>\n\t\t\t\t<\/div>\n\t\t","protected":false},"excerpt":{"rendered":"<p>SAN BONIFACIO M\u00c1RTIR Contacto Uni\u00f3n de festejos San Bonifacio, M\u00e1rtir C\/ Miguel Amat N\u00ba1. 03610, Petrer (Alicante)<\/p>\n","protected":false},"author":1,"featured_media":0,"parent":0,"menu_order":0,"comment_status":"closed","ping_status":"closed","template":"","meta":{"footnotes":""},"class_list":["post-3059","page","type-page","status-publish","hentry"],"yoast_head":"<!-- This site is optimized with the Yoast SEO plugin v26.8 - https:\/\/yoast.com\/product\/yoast-seo-wordpress\/ -->\n<title>Contacto Uni\u00f3n de Festejos - Uni\u00f3n de Festejos San Bonifacio M\u00e1rtir - Petrer en Festes<\/title>\n<meta name=\"robots\" content=\"noindex, follow, max-snippet:-1, max-image-preview:large, max-video-preview:-1\" \/>\n<meta property=\"og:locale\" content=\"es_ES\" \/>\n<meta property=\"og:type\" content=\"article\" \/>\n<meta property=\"og:title\" content=\"Contacto Uni\u00f3n de Festejos - Uni\u00f3n de Festejos San Bonifacio M\u00e1rtir - Petrer en Festes\" \/>\n<meta property=\"og:description\" content=\"SAN BONIFACIO M\u00c1RTIR Contacto Uni\u00f3n de festejos San Bonifacio, M\u00e1rtir C\/ Miguel Amat N\u00ba1. 03610, Petrer (Alicante)\" \/>\n<meta property=\"og:url\" content=\"https:\/\/baocreciendo.com\/petrer-en-festes\/contacto-union-de-festejos\/\" \/>\n<meta property=\"og:site_name\" content=\"Uni\u00f3n de Festejos San Bonifacio M\u00e1rtir - Petrer en Festes\" \/>\n<meta property=\"article:modified_time\" content=\"2026-04-20T06:12:01+00:00\" \/>\n<meta name=\"twitter:card\" content=\"summary_large_image\" \/>\n<meta name=\"twitter:label1\" content=\"Tiempo de lectura\" \/>\n\t<meta name=\"twitter:data1\" content=\"1 minuto\" \/>\n<script type=\"application\/ld+json\" class=\"yoast-schema-graph\">{\"@context\":\"https:\/\/schema.org\",\"@graph\":[{\"@type\":\"WebPage\",\"@id\":\"https:\/\/baocreciendo.com\/petrer-en-festes\/contacto-union-de-festejos\/\",\"url\":\"https:\/\/baocreciendo.com\/petrer-en-festes\/contacto-union-de-festejos\/\",\"name\":\"Contacto Uni\u00f3n de Festejos - Uni\u00f3n de Festejos San Bonifacio M\u00e1rtir - Petrer en Festes\",\"isPartOf\":{\"@id\":\"https:\/\/baocreciendo.com\/petrer-en-festes\/#website\"},\"datePublished\":\"2019-02-14T09:10:51+00:00\",\"dateModified\":\"2026-04-20T06:12:01+00:00\",\"breadcrumb\":{\"@id\":\"https:\/\/baocreciendo.com\/petrer-en-festes\/contacto-union-de-festejos\/#breadcrumb\"},\"inLanguage\":\"es\",\"potentialAction\":[{\"@type\":\"ReadAction\",\"target\":[\"https:\/\/baocreciendo.com\/petrer-en-festes\/contacto-union-de-festejos\/\"]}]},{\"@type\":\"BreadcrumbList\",\"@id\":\"https:\/\/baocreciendo.com\/petrer-en-festes\/contacto-union-de-festejos\/#breadcrumb\",\"itemListElement\":[{\"@type\":\"ListItem\",\"position\":1,\"name\":\"Portada\",\"item\":\"https:\/\/baocreciendo.com\/petrer-en-festes\/\"},{\"@type\":\"ListItem\",\"position\":2,\"name\":\"Contacto Uni\u00f3n de Festejos\"}]},{\"@type\":\"WebSite\",\"@id\":\"https:\/\/baocreciendo.com\/petrer-en-festes\/#website\",\"url\":\"https:\/\/baocreciendo.com\/petrer-en-festes\/\",\"name\":\"Uni\u00f3n de Festejos San Bonifacio M\u00e1rtir - Petrer en Festes\",\"description\":\"Web oficial de la Fiesta de Moros y Cristianos de Petrer\",\"potentialAction\":[{\"@type\":\"SearchAction\",\"target\":{\"@type\":\"EntryPoint\",\"urlTemplate\":\"https:\/\/baocreciendo.com\/petrer-en-festes\/?s={search_term_string}\"},\"query-input\":{\"@type\":\"PropertyValueSpecification\",\"valueRequired\":true,\"valueName\":\"search_term_string\"}}],\"inLanguage\":\"es\"}]}<\/script>\n<!-- \/ Yoast SEO plugin. -->","yoast_head_json":{"title":"Contacto Uni\u00f3n de Festejos - Uni\u00f3n de Festejos San Bonifacio M\u00e1rtir - Petrer en Festes","robots":{"index":"noindex","follow":"follow","max-snippet":"max-snippet:-1","max-image-preview":"max-image-preview:large","max-video-preview":"max-video-preview:-1"},"og_locale":"es_ES","og_type":"article","og_title":"Contacto Uni\u00f3n de Festejos - Uni\u00f3n de Festejos San Bonifacio M\u00e1rtir - Petrer en Festes","og_description":"SAN BONIFACIO M\u00c1RTIR Contacto Uni\u00f3n de festejos San Bonifacio, M\u00e1rtir C\/ Miguel Amat N\u00ba1. 03610, Petrer (Alicante)","og_url":"https:\/\/baocreciendo.com\/petrer-en-festes\/contacto-union-de-festejos\/","og_site_name":"Uni\u00f3n de Festejos San Bonifacio M\u00e1rtir - Petrer en Festes","article_modified_time":"2026-04-20T06:12:01+00:00","twitter_card":"summary_large_image","twitter_misc":{"Tiempo de lectura":"1 minuto"},"schema":{"@context":"https:\/\/schema.org","@graph":[{"@type":"WebPage","@id":"https:\/\/baocreciendo.com\/petrer-en-festes\/contacto-union-de-festejos\/","url":"https:\/\/baocreciendo.com\/petrer-en-festes\/contacto-union-de-festejos\/","name":"Contacto Uni\u00f3n de Festejos - Uni\u00f3n de Festejos San Bonifacio M\u00e1rtir - Petrer en Festes","isPartOf":{"@id":"https:\/\/baocreciendo.com\/petrer-en-festes\/#website"},"datePublished":"2019-02-14T09:10:51+00:00","dateModified":"2026-04-20T06:12:01+00:00","breadcrumb":{"@id":"https:\/\/baocreciendo.com\/petrer-en-festes\/contacto-union-de-festejos\/#breadcrumb"},"inLanguage":"es","potentialAction":[{"@type":"ReadAction","target":["https:\/\/baocreciendo.com\/petrer-en-festes\/contacto-union-de-festejos\/"]}]},{"@type":"BreadcrumbList","@id":"https:\/\/baocreciendo.com\/petrer-en-festes\/contacto-union-de-festejos\/#breadcrumb","itemListElement":[{"@type":"ListItem","position":1,"name":"Portada","item":"https:\/\/baocreciendo.com\/petrer-en-festes\/"},{"@type":"ListItem","position":2,"name":"Contacto Uni\u00f3n de Festejos"}]},{"@type":"WebSite","@id":"https:\/\/baocreciendo.com\/petrer-en-festes\/#website","url":"https:\/\/baocreciendo.com\/petrer-en-festes\/","name":"Uni\u00f3n de Festejos San Bonifacio M\u00e1rtir - Petrer en Festes","description":"Web oficial de la Fiesta de Moros y Cristianos de Petrer","potentialAction":[{"@type":"SearchAction","target":{"@type":"EntryPoint","urlTemplate":"https:\/\/baocreciendo.com\/petrer-en-festes\/?s={search_term_string}"},"query-input":{"@type":"PropertyValueSpecification","valueRequired":true,"valueName":"search_term_string"}}],"inLanguage":"es"}]}},"_links":{"self":[{"href":"https:\/\/baocreciendo.com\/petrer-en-festes\/wp-json\/wp\/v2\/pages\/3059","targetHints":{"allow":["GET"]}}],"collection":[{"href":"https:\/\/baocreciendo.com\/petrer-en-festes\/wp-json\/wp\/v2\/pages"}],"about":[{"href":"https:\/\/baocreciendo.com\/petrer-en-festes\/wp-json\/wp\/v2\/types\/page"}],"author":[{"embeddable":true,"href":"https:\/\/baocreciendo.com\/petrer-en-festes\/wp-json\/wp\/v2\/users\/1"}],"replies":[{"embeddable":true,"href":"https:\/\/baocreciendo.com\/petrer-en-festes\/wp-json\/wp\/v2\/comments?post=3059"}],"version-history":[{"count":47,"href":"https:\/\/baocreciendo.com\/petrer-en-festes\/wp-json\/wp\/v2\/pages\/3059\/revisions"}],"predecessor-version":[{"id":18791,"href":"https:\/\/baocreciendo.com\/petrer-en-festes\/wp-json\/wp\/v2\/pages\/3059\/revisions\/18791"}],"wp:attachment":[{"href":"https:\/\/baocreciendo.com\/petrer-en-festes\/wp-json\/wp\/v2\/media?parent=3059"}],"curies":[{"name":"wp","href":"https:\/\/api.w.org\/{rel}","templated":true}]}}